{"id":1984,"date":"2025-08-11T13:58:12","date_gmt":"2025-08-11T17:58:12","guid":{"rendered":"https:\/\/restaurantsvertigo.com\/trois-rivieres\/"},"modified":"2026-02-23T15:41:53","modified_gmt":"2026-02-23T20:41:53","slug":"trois-rivieres","status":"publish","type":"page","link":"https:\/\/restaurantsvertigo.com\/en\/trois-rivieres\/","title":{"rendered":"Trois-Rivi\u00e8res"},"content":{"rendered":"","protected":false},"excerpt":{"rendered":"","protected":false},"author":1,"featured_media":1995,"parent":0,"menu_order":0,"comment_status":"closed","ping_status":"closed","template":"template-parts\/restaurant.php","meta":{"_acf_changed":false,"footnotes":""},"class_list":["post-1984","page","type-page","status-publish","has-post-thumbnail","hentry"],"acf":[],"yoast_head":"<!-- This site is optimized with the Yoast SEO plugin v27.2 - https:\/\/yoast.com\/product\/yoast-seo-wordpress\/ -->\n<title>Restaurant Trois-Rivi\u00e8res - VERTIGO Restaurants<\/title>\n<meta name=\"description\" content=\"Restaurant VERTIGO in Trois-Rivi\u00e8res. Whether it&#039;s for a business lunch, a 5 \u00e0 7 with friends or a drunken supper, eating and drinking well has never been so enjoyable!\" \/>\n<meta name=\"robots\" content=\"index, follow, max-snippet:-1, max-image-preview:large, max-video-preview:-1\" \/>\n<link rel=\"canonical\" href=\"https:\/\/restaurantsvertigo.com\/en\/trois-rivieres\/\" \/>\n<meta property=\"og:locale\" content=\"en_US\" \/>\n<meta property=\"og:type\" content=\"article\" \/>\n<meta property=\"og:title\" content=\"Restaurant Trois-Rivi\u00e8res - VERTIGO Restaurants\" \/>\n<meta property=\"og:description\" content=\"Restaurant VERTIGO in Trois-Rivi\u00e8res. Whether it&#039;s for a business lunch, a 5 \u00e0 7 with friends or a drunken supper, eating and drinking well has never been so enjoyable!\" \/>\n<meta property=\"og:url\" content=\"https:\/\/restaurantsvertigo.com\/en\/trois-rivieres\/\" \/>\n<meta property=\"og:site_name\" content=\"Restaurant VERTIGO\" \/>\n<meta property=\"article:publisher\" content=\"https:\/\/www.facebook.com\/restaurants.vertigo\" \/>\n<meta property=\"article:modified_time\" content=\"2026-02-23T20:41:53+00:00\" \/>\n<meta property=\"og:image\" content=\"https:\/\/restaurantsvertigo.com\/wp-content\/uploads\/2025\/08\/VERTIGO-PANNEAU-H25-85-copie-scaled.jpg\" \/>\n\t<meta property=\"og:image:width\" content=\"2560\" \/>\n\t<meta property=\"og:image:height\" content=\"1708\" \/>\n\t<meta property=\"og:image:type\" content=\"image\/jpeg\" \/>\n<meta name=\"twitter:card\" content=\"summary_large_image\" \/>\n<meta name=\"twitter:label1\" content=\"Est. reading time\" \/>\n\t<meta name=\"twitter:data1\" content=\"1 minute\" \/>\n<script type=\"application\/ld+json\" class=\"yoast-schema-graph\">{\"@context\":\"https:\/\/schema.org\",\"@graph\":[{\"@type\":\"WebPage\",\"@id\":\"https:\/\/restaurantsvertigo.com\/en\/trois-rivieres\/\",\"url\":\"https:\/\/restaurantsvertigo.com\/en\/trois-rivieres\/\",\"name\":\"Restaurant Trois-Rivi\u00e8res - VERTIGO Restaurants\",\"isPartOf\":{\"@id\":\"https:\/\/restaurantsvertigo.com\/en\/#website\"},\"primaryImageOfPage\":{\"@id\":\"https:\/\/restaurantsvertigo.com\/en\/trois-rivieres\/#primaryimage\"},\"image\":{\"@id\":\"https:\/\/restaurantsvertigo.com\/en\/trois-rivieres\/#primaryimage\"},\"thumbnailUrl\":\"https:\/\/restaurantsvertigo.com\/wp-content\/uploads\/2025\/08\/VERTIGO-PANNEAU-H25-85-copie-scaled.jpg\",\"datePublished\":\"2025-08-11T17:58:12+00:00\",\"dateModified\":\"2026-02-23T20:41:53+00:00\",\"description\":\"Restaurant VERTIGO in Trois-Rivi\u00e8res. Whether it's for a business lunch, a 5 \u00e0 7 with friends or a drunken supper, eating and drinking well has never been so enjoyable!\",\"breadcrumb\":{\"@id\":\"https:\/\/restaurantsvertigo.com\/en\/trois-rivieres\/#breadcrumb\"},\"inLanguage\":\"en-US\",\"potentialAction\":[{\"@type\":\"ReadAction\",\"target\":[\"https:\/\/restaurantsvertigo.com\/en\/trois-rivieres\/\"]}]},{\"@type\":\"ImageObject\",\"inLanguage\":\"en-US\",\"@id\":\"https:\/\/restaurantsvertigo.com\/en\/trois-rivieres\/#primaryimage\",\"url\":\"https:\/\/restaurantsvertigo.com\/wp-content\/uploads\/2025\/08\/VERTIGO-PANNEAU-H25-85-copie-scaled.jpg\",\"contentUrl\":\"https:\/\/restaurantsvertigo.com\/wp-content\/uploads\/2025\/08\/VERTIGO-PANNEAU-H25-85-copie-scaled.jpg\",\"width\":2560,\"height\":1708},{\"@type\":\"BreadcrumbList\",\"@id\":\"https:\/\/restaurantsvertigo.com\/en\/trois-rivieres\/#breadcrumb\",\"itemListElement\":[{\"@type\":\"ListItem\",\"position\":1,\"name\":\"Home\",\"item\":\"https:\/\/restaurantsvertigo.com\/en\/\"},{\"@type\":\"ListItem\",\"position\":2,\"name\":\"Trois-Rivi\u00e8res\"}]},{\"@type\":\"WebSite\",\"@id\":\"https:\/\/restaurantsvertigo.com\/en\/#website\",\"url\":\"https:\/\/restaurantsvertigo.com\/en\/\",\"name\":\"Restaurant VERTIGO\",\"description\":\"\",\"publisher\":{\"@id\":\"https:\/\/restaurantsvertigo.com\/en\/#organization\"},\"potentialAction\":[{\"@type\":\"SearchAction\",\"target\":{\"@type\":\"EntryPoint\",\"urlTemplate\":\"https:\/\/restaurantsvertigo.com\/en\/?s={search_term_string}\"},\"query-input\":{\"@type\":\"PropertyValueSpecification\",\"valueRequired\":true,\"valueName\":\"search_term_string\"}}],\"inLanguage\":\"en-US\"},{\"@type\":\"Organization\",\"@id\":\"https:\/\/restaurantsvertigo.com\/en\/#organization\",\"name\":\"Restaurant VERTIGO\",\"url\":\"https:\/\/restaurantsvertigo.com\/en\/\",\"logo\":{\"@type\":\"ImageObject\",\"inLanguage\":\"en-US\",\"@id\":\"https:\/\/restaurantsvertigo.com\/en\/#\/schema\/logo\/image\/\",\"url\":\"https:\/\/restaurantsvertigo.com\/wp-content\/uploads\/2024\/11\/cropped-logo-zibo-rond-192x192-1.png\",\"contentUrl\":\"https:\/\/restaurantsvertigo.com\/wp-content\/uploads\/2024\/11\/cropped-logo-zibo-rond-192x192-1.png\",\"width\":192,\"height\":192,\"caption\":\"Restaurant VERTIGO\"},\"image\":{\"@id\":\"https:\/\/restaurantsvertigo.com\/en\/#\/schema\/logo\/image\/\"},\"sameAs\":[\"https:\/\/www.facebook.com\/restaurants.vertigo\",\"https:\/\/www.instagram.com\/restosvertigo\/\",\"https:\/\/www.tiktok.com\/@restosvertigos\"]}]}<\/script>\n<!-- \/ Yoast SEO plugin. -->","yoast_head_json":{"title":"Restaurant Trois-Rivi\u00e8res - VERTIGO Restaurants","description":"Restaurant VERTIGO in Trois-Rivi\u00e8res. Whether it's for a business lunch, a 5 \u00e0 7 with friends or a drunken supper, eating and drinking well has never been so enjoyable!","robots":{"index":"index","follow":"follow","max-snippet":"max-snippet:-1","max-image-preview":"max-image-preview:large","max-video-preview":"max-video-preview:-1"},"canonical":"https:\/\/restaurantsvertigo.com\/en\/trois-rivieres\/","og_locale":"en_US","og_type":"article","og_title":"Restaurant Trois-Rivi\u00e8res - VERTIGO Restaurants","og_description":"Restaurant VERTIGO in Trois-Rivi\u00e8res. Whether it's for a business lunch, a 5 \u00e0 7 with friends or a drunken supper, eating and drinking well has never been so enjoyable!","og_url":"https:\/\/restaurantsvertigo.com\/en\/trois-rivieres\/","og_site_name":"Restaurant VERTIGO","article_publisher":"https:\/\/www.facebook.com\/restaurants.vertigo","article_modified_time":"2026-02-23T20:41:53+00:00","og_image":[{"width":2560,"height":1708,"url":"https:\/\/restaurantsvertigo.com\/wp-content\/uploads\/2025\/08\/VERTIGO-PANNEAU-H25-85-copie-scaled.jpg","type":"image\/jpeg"}],"twitter_card":"summary_large_image","twitter_misc":{"Est. reading time":"1 minute"},"schema":{"@context":"https:\/\/schema.org","@graph":[{"@type":"WebPage","@id":"https:\/\/restaurantsvertigo.com\/en\/trois-rivieres\/","url":"https:\/\/restaurantsvertigo.com\/en\/trois-rivieres\/","name":"Restaurant Trois-Rivi\u00e8res - VERTIGO Restaurants","isPartOf":{"@id":"https:\/\/restaurantsvertigo.com\/en\/#website"},"primaryImageOfPage":{"@id":"https:\/\/restaurantsvertigo.com\/en\/trois-rivieres\/#primaryimage"},"image":{"@id":"https:\/\/restaurantsvertigo.com\/en\/trois-rivieres\/#primaryimage"},"thumbnailUrl":"https:\/\/restaurantsvertigo.com\/wp-content\/uploads\/2025\/08\/VERTIGO-PANNEAU-H25-85-copie-scaled.jpg","datePublished":"2025-08-11T17:58:12+00:00","dateModified":"2026-02-23T20:41:53+00:00","description":"Restaurant VERTIGO in Trois-Rivi\u00e8res. Whether it's for a business lunch, a 5 \u00e0 7 with friends or a drunken supper, eating and drinking well has never been so enjoyable!","breadcrumb":{"@id":"https:\/\/restaurantsvertigo.com\/en\/trois-rivieres\/#breadcrumb"},"inLanguage":"en-US","potentialAction":[{"@type":"ReadAction","target":["https:\/\/restaurantsvertigo.com\/en\/trois-rivieres\/"]}]},{"@type":"ImageObject","inLanguage":"en-US","@id":"https:\/\/restaurantsvertigo.com\/en\/trois-rivieres\/#primaryimage","url":"https:\/\/restaurantsvertigo.com\/wp-content\/uploads\/2025\/08\/VERTIGO-PANNEAU-H25-85-copie-scaled.jpg","contentUrl":"https:\/\/restaurantsvertigo.com\/wp-content\/uploads\/2025\/08\/VERTIGO-PANNEAU-H25-85-copie-scaled.jpg","width":2560,"height":1708},{"@type":"BreadcrumbList","@id":"https:\/\/restaurantsvertigo.com\/en\/trois-rivieres\/#breadcrumb","itemListElement":[{"@type":"ListItem","position":1,"name":"Home","item":"https:\/\/restaurantsvertigo.com\/en\/"},{"@type":"ListItem","position":2,"name":"Trois-Rivi\u00e8res"}]},{"@type":"WebSite","@id":"https:\/\/restaurantsvertigo.com\/en\/#website","url":"https:\/\/restaurantsvertigo.com\/en\/","name":"Restaurant VERTIGO","description":"","publisher":{"@id":"https:\/\/restaurantsvertigo.com\/en\/#organization"},"potentialAction":[{"@type":"SearchAction","target":{"@type":"EntryPoint","urlTemplate":"https:\/\/restaurantsvertigo.com\/en\/?s={search_term_string}"},"query-input":{"@type":"PropertyValueSpecification","valueRequired":true,"valueName":"search_term_string"}}],"inLanguage":"en-US"},{"@type":"Organization","@id":"https:\/\/restaurantsvertigo.com\/en\/#organization","name":"Restaurant VERTIGO","url":"https:\/\/restaurantsvertigo.com\/en\/","logo":{"@type":"ImageObject","inLanguage":"en-US","@id":"https:\/\/restaurantsvertigo.com\/en\/#\/schema\/logo\/image\/","url":"https:\/\/restaurantsvertigo.com\/wp-content\/uploads\/2024\/11\/cropped-logo-zibo-rond-192x192-1.png","contentUrl":"https:\/\/restaurantsvertigo.com\/wp-content\/uploads\/2024\/11\/cropped-logo-zibo-rond-192x192-1.png","width":192,"height":192,"caption":"Restaurant VERTIGO"},"image":{"@id":"https:\/\/restaurantsvertigo.com\/en\/#\/schema\/logo\/image\/"},"sameAs":["https:\/\/www.facebook.com\/restaurants.vertigo","https:\/\/www.instagram.com\/restosvertigo\/","https:\/\/www.tiktok.com\/@restosvertigos"]}]}},"_links":{"self":[{"href":"https:\/\/restaurantsvertigo.com\/en\/wp-json\/wp\/v2\/pages\/1984","targetHints":{"allow":["GET"]}}],"collection":[{"href":"https:\/\/restaurantsvertigo.com\/en\/wp-json\/wp\/v2\/pages"}],"about":[{"href":"https:\/\/restaurantsvertigo.com\/en\/wp-json\/wp\/v2\/types\/page"}],"author":[{"embeddable":true,"href":"https:\/\/restaurantsvertigo.com\/en\/wp-json\/wp\/v2\/users\/1"}],"replies":[{"embeddable":true,"href":"https:\/\/restaurantsvertigo.com\/en\/wp-json\/wp\/v2\/comments?post=1984"}],"version-history":[{"count":7,"href":"https:\/\/restaurantsvertigo.com\/en\/wp-json\/wp\/v2\/pages\/1984\/revisions"}],"predecessor-version":[{"id":2218,"href":"https:\/\/restaurantsvertigo.com\/en\/wp-json\/wp\/v2\/pages\/1984\/revisions\/2218"}],"wp:featuredmedia":[{"embeddable":true,"href":"https:\/\/restaurantsvertigo.com\/en\/wp-json\/wp\/v2\/media\/1995"}],"wp:attachment":[{"href":"https:\/\/restaurantsvertigo.com\/en\/wp-json\/wp\/v2\/media?parent=1984"}],"curies":[{"name":"wp","href":"https:\/\/api.w.org\/{rel}","templated":true}]}}